{"id":197,"date":"2019-03-29T15:11:35","date_gmt":"2019-03-29T14:11:35","guid":{"rendered":"http:\/\/erasmus.vos-sosmost.cz\/?page_id=197"},"modified":"2023-12-14T16:21:34","modified_gmt":"2023-12-14T15:21:34","slug":"partneri-skoly","status":"publish","type":"page","link":"https:\/\/erasmus.vos-sosmost.cz\/?page_id=197","title":{"rendered":"Partne\u0159i \u0161koly"},"content":{"rendered":"<p><a href=\"https:\/\/brossaud-blancho.paysdelaloire.e-lyco.fr\/\"><strong>Lyc\u00e9e Professionnel Brossaud Blancho<\/strong><\/a> (Francie)<\/p>\n<p>&nbsp;<\/p>\n<p><strong><a href=\"https:\/\/www.languageexchange.ie\/locations\/kilkenny\">Language Xchange Ireland<\/a> <\/strong>(Irsko)<\/p>\n<p>&nbsp;<\/p>\n<p><a href=\"http:\/\/tekkneska.modurmal.com\/\"><strong>M\u00f3\u00f0urm\u00e1l &#8211; samt\u00f6k um tv\u00edtyngi<\/strong><\/a> (Island)<\/p>\n<p>&nbsp;<\/p>\n<p><a href=\"http:\/\/www.kolpingokolegija.lt\/\"><strong>Kolpingo Kolegia<\/strong><\/a> (Litva)<\/p>\n<p>&nbsp;<\/p>\n<p><a href=\"https:\/\/www.drenthecollege.nl\/\"><strong>Drenthe College<\/strong><\/a> (Nizozemsko)<\/p>\n<p>&nbsp;<\/p>\n<p class=\"LC20lb\"><a href=\"http:\/\/www.stedenbandmeppelmost.nl\/\"><strong>Stichting Stedenband Most-Meppel<\/strong><\/a> (Nizozemsko)<\/p>\n<p>&nbsp;<\/p>\n<p><a href=\"https:\/\/www.asklepios.com\/sebnitz\/\"><strong>S\u00e4chsische Schweiz Klinik Sebnitz<\/strong><\/a> (N\u011bmecko)<\/p>\n<p>&nbsp;<\/p>\n<p><a href=\"https:\/\/www.iaj.de\/\"><strong>IAJ Institut f\u00fcr Ausbildung Jugendlicher gemeinn\u00fctzige GmbH<\/strong>&nbsp;<\/a> (N\u011bmecko)<\/p>\n<p>&nbsp;<\/p>\n<p><a href=\"http:\/\/lebenshilfewerk-ana.de\/\"><strong>Lebenshilfewerk Annaberg e.V.<\/strong> <\/a>(N\u011bmecko)<\/p>\n<p>&nbsp;<\/p>\n<p><strong><a href=\"https:\/\/www.idiomascarlosv.es\/\">Idiomas Carlos V<\/a><\/strong> (\u0160pan\u011blsko)<\/p>\n<p>&nbsp;<\/p>\n<p><strong><a href=\"https:\/\/www.mcast.edu.mt\/\">MCAST \u2013 The Malta College of Arts, Science &amp; Technology<\/a><\/strong> (Malta)<\/p>\n<p>&nbsp;<\/p>\n<p><a href=\"https:\/\/hadsel.vgs.no\/\"><strong>Hadsel videreg\u00e5ende skole<\/strong><\/a> (Norsko)<\/p>\n","protected":false},"excerpt":{"rendered":"<p>Lyc\u00e9e Professionnel Brossaud Blancho (Francie) &nbsp; Language Xchange Ireland (Irsko) &nbsp; M\u00f3\u00f0urm\u00e1l &#8211; samt\u00f6k um tv\u00edtyngi (Island) &nbsp; Kolpingo Kolegia (Litva) &nbsp; Drenthe College (Nizozemsko) &nbsp; Stichting Stedenband Most-Meppel (Nizozemsko) &nbsp; S\u00e4chsische Schweiz Klinik Sebnitz (N\u011bmecko) &nbsp; IAJ Institut f\u00fcr Ausbildung Jugendlicher gemeinn\u00fctzige GmbH&nbsp; (N\u011bmecko) &nbsp; Lebenshilfewerk Annaberg e.V. (N\u011bmecko) &nbsp; Idiomas Carlos V (\u0160pan\u011blsko) &hellip;<\/p>\n","protected":false},"author":1,"featured_media":0,"parent":0,"menu_order":0,"comment_status":"closed","ping_status":"closed","template":"","meta":{"ngg_post_thumbnail":0,"footnotes":""},"class_list":["post-197","page","type-page","status-publish","hentry","entry entry-center"],"_links":{"self":[{"href":"https:\/\/erasmus.vos-sosmost.cz\/index.php?rest_route=\/wp\/v2\/pages\/197","targetHints":{"allow":["GET"]}}],"collection":[{"href":"https:\/\/erasmus.vos-sosmost.cz\/index.php?rest_route=\/wp\/v2\/pages"}],"about":[{"href":"https:\/\/erasmus.vos-sosmost.cz\/index.php?rest_route=\/wp\/v2\/types\/page"}],"author":[{"embeddable":true,"href":"https:\/\/erasmus.vos-sosmost.cz\/index.php?rest_route=\/wp\/v2\/users\/1"}],"replies":[{"embeddable":true,"href":"https:\/\/erasmus.vos-sosmost.cz\/index.php?rest_route=%2Fwp%2Fv2%2Fcomments&post=197"}],"version-history":[{"count":6,"href":"https:\/\/erasmus.vos-sosmost.cz\/index.php?rest_route=\/wp\/v2\/pages\/197\/revisions"}],"predecessor-version":[{"id":200,"href":"https:\/\/erasmus.vos-sosmost.cz\/index.php?rest_route=\/wp\/v2\/pages\/197\/revisions\/200"}],"wp:attachment":[{"href":"https:\/\/erasmus.vos-sosmost.cz\/index.php?rest_route=%2Fwp%2Fv2%2Fmedia&parent=197"}],"curies":[{"name":"wp","href":"https:\/\/api.w.org\/{rel}","templated":true}]}}