{"id":432,"date":"2019-06-13T10:46:27","date_gmt":"2019-06-13T08:46:27","guid":{"rendered":"http:\/\/erasmus.vos-sosmost.cz\/?page_id=432"},"modified":"2024-07-09T09:19:50","modified_gmt":"2024-07-09T07:19:50","slug":"o-projektu-erasmus","status":"publish","type":"page","link":"https:\/\/erasmus.vos-sosmost.cz\/?page_id=432","title":{"rendered":"O projektu Erasmus+"},"content":{"rendered":"<p>Vy\u0161\u0161\u00ed odborn\u00e1 \u0161kola v Most\u011b byla \u00fasp\u011b\u0161n\u00fdm \u017eadatelem programu Leonardo da Vinci v letech 2000-2014, jeho\u017e c\u00edlem byla mobilita student\u016f v zahrani\u010d\u00ed v r\u00e1mci odborn\u00e9 praxe. Za veden\u00e9 obdob\u00ed vycestovalo do 5 zem\u00ed Evropy zhruba 160 student\u016f.<\/p>\n<p>Od roku 2015 je na\u0161e \u0161kola \u00fasp\u011b\u0161n\u00fdm \u017eadatelem navazuj\u00edc\u00edho programu ERASMUS+ , ve kter\u00e9m ji\u017e vycestovalo v\u00edce jak 200 student\u016f.<\/p>\n<p><img loading=\"lazy\" decoding=\"async\" class=\"aligncenter\" src=\"https:\/\/upload.wikimedia.org\/wikipedia\/commons\/thumb\/1\/1e\/Erasmus%2B_Logo.svg\/2560px-Erasmus%2B_Logo.svg.png\" alt=\"File:Erasmus+ Logo.svg - Wikimedia Commons\" width=\"639\" height=\"183\"><\/p>\n<p>Ve \u0161koln\u00edm roce 2024\/2025 jsou v r\u00e1mci projektu <strong>2024-1-CZ01-KA121-VET- 000203879<\/strong> &nbsp;realizov\u00e1ny mobility student\u016f, st\u00ednov\u00e1n\u00ed u\u010ditel\u016f a p\u0159edn\u00e1\u0161ky zahrani\u010dn\u00edch odborn\u00edk\u016f pro \u017e\u00e1ky a&nbsp; studenty.<\/p>\n<p>\u0160kola je na programov\u00e9 obdob\u00ed 2021-2027 dr\u017eitelem akreditace&nbsp;<strong>2020-1-CZ01-KA120-VET-094183<\/strong><\/p>\n<p>Spolupracujeme s \u0159adou instituc\u00ed a \u0161kol v t\u011bchto zem\u00edch Evropy: Nizozemsko, Irsko, N\u011bmecko, Litva, Francie, \u0160pan\u011blsko, Malta, Island a Norsko. Pl\u00e1nuje svoji s\u00ed\u0165 roz\u0161\u00ed\u0159it na dal\u0161\u00ed zem\u011b jako je Slovensko, Chorvatsko a \u0160v\u00e9dsko.<\/p>\n<p>Projevit sv\u016fj z\u00e1jem o zahrani\u010dn\u00ed st\u00e1\u017e m\u016f\u017eete p\u0159ihl\u00e1\u0161en\u00edm se&nbsp;<strong><a href=\"https:\/\/www.vos-sosmost.cz\/index.php\/prihlaska_eramus\/\">zde<\/a><\/strong>.<\/p>\n<p>&nbsp;<\/p>\n<p><strong>N\u00e1zev projektu<\/strong>:&nbsp; nebyl stanoven<\/p>\n<p><strong>\u010c\u00edslo projektu:<\/strong> 2024-1-CZ01-KA121-VET- 000203879<\/p>\n<p><strong>Za\u010d\u00e1tek projektu:<\/strong>&nbsp; 1. 7. 2024<\/p>\n<p><strong>Konec projektu:<\/strong> 31. 8. 2025<\/p>\n<p><strong>D\u00e9lka projektu (po\u010det m\u011bs\u00edc\u016f):<\/strong>&nbsp; 15 m\u011bs\u00edc\u016f<\/p>\n<p><strong>P\u0159ehled aktivit:<\/strong>&nbsp;grant na akci: organiza\u010dn\u00ed podpora, podpora na pobytov\u00e9 n\u00e1klady, cestovn\u00ed n\u00e1klady, jazykov\u00e1 podpora, podpora inkluze pro organizaci, p\u0159\u00edpravn\u00e9 n\u00e1v\u0161t\u011bvy, kurzovn\u00e9<\/p>\n<p><strong>Finan\u010dn\u00ed dotace:<\/strong> 127 859 Eur<\/p>\n<p>Mobility budou uskute\u010dn\u011bny od z\u00e1\u0159\u00ed 2024 do srpna 2025.<\/p>\n<p>&nbsp;<\/p>\n","protected":false},"excerpt":{"rendered":"<p>Vy\u0161\u0161\u00ed odborn\u00e1 \u0161kola v Most\u011b byla \u00fasp\u011b\u0161n\u00fdm \u017eadatelem programu Leonardo da Vinci v letech 2000-2014, jeho\u017e c\u00edlem byla mobilita student\u016f v zahrani\u010d\u00ed v r\u00e1mci odborn\u00e9 praxe. Za veden\u00e9 obdob\u00ed vycestovalo do 5 zem\u00ed Evropy zhruba 160 student\u016f. Od roku 2015 je na\u0161e \u0161kola \u00fasp\u011b\u0161n\u00fdm \u017eadatelem navazuj\u00edc\u00edho programu ERASMUS+ , ve kter\u00e9m ji\u017e vycestovalo v\u00edce jak &hellip;<\/p>\n","protected":false},"author":1,"featured_media":0,"parent":0,"menu_order":0,"comment_status":"closed","ping_status":"closed","template":"","meta":{"ngg_post_thumbnail":0,"footnotes":""},"class_list":["post-432","page","type-page","status-publish","hentry","entry entry-center"],"_links":{"self":[{"href":"https:\/\/erasmus.vos-sosmost.cz\/index.php?rest_route=\/wp\/v2\/pages\/432","targetHints":{"allow":["GET"]}}],"collection":[{"href":"https:\/\/erasmus.vos-sosmost.cz\/index.php?rest_route=\/wp\/v2\/pages"}],"about":[{"href":"https:\/\/erasmus.vos-sosmost.cz\/index.php?rest_route=\/wp\/v2\/types\/page"}],"author":[{"embeddable":true,"href":"https:\/\/erasmus.vos-sosmost.cz\/index.php?rest_route=\/wp\/v2\/users\/1"}],"replies":[{"embeddable":true,"href":"https:\/\/erasmus.vos-sosmost.cz\/index.php?rest_route=%2Fwp%2Fv2%2Fcomments&post=432"}],"version-history":[{"count":10,"href":"https:\/\/erasmus.vos-sosmost.cz\/index.php?rest_route=\/wp\/v2\/pages\/432\/revisions"}],"predecessor-version":[{"id":3499,"href":"https:\/\/erasmus.vos-sosmost.cz\/index.php?rest_route=\/wp\/v2\/pages\/432\/revisions\/3499"}],"wp:attachment":[{"href":"https:\/\/erasmus.vos-sosmost.cz\/index.php?rest_route=%2Fwp%2Fv2%2Fmedia&parent=432"}],"curies":[{"name":"wp","href":"https:\/\/api.w.org\/{rel}","templated":true}]}}